{"id":29095,"date":"2022-12-22T12:41:12","date_gmt":"2022-12-22T10:41:12","guid":{"rendered":"https:\/\/www.finqueshereu.com\/consentimiento-para-el-tratamiento-de-datos-personales\/"},"modified":"2022-12-22T12:43:26","modified_gmt":"2022-12-22T10:43:26","slug":"consentiment-tractament-dades-personals","status":"publish","type":"page","link":"https:\/\/www.finqueshereu.com\/ca\/consentiment-tractament-dades-personals\/","title":{"rendered":"CONSENTIMENT PER AL TRACTAMENT DE DADES PERSONALS"},"content":{"rendered":"\t\t<div data-elementor-type=\"wp-page\" data-elementor-id=\"29095\" class=\"elementor elementor-29095 elementor-29090\">\n\t\t\t\t\t\t\t\t\t<section class=\"elementor-section elementor-top-section elementor-element elementor-element-67454b3d elementor-section-boxed elementor-section-height-default elementor-section-height-default\" data-id=\"67454b3d\" data-element_type=\"section\">\n\t\t\t\t\t\t<div class=\"elementor-container elementor-column-gap-default\">\n\t\t\t\t\t<div class=\"elementor-column elementor-col-100 elementor-top-column elementor-element elementor-element-564373ff\" data-id=\"564373ff\" data-element_type=\"column\">\n\t\t\t<div class=\"elementor-widget-wrap elementor-element-populated\">\n\t\t\t\t\t\t\t\t<div class=\"elementor-element elementor-element-1b02375d elementor-widget elementor-widget-text-editor\" data-id=\"1b02375d\" data-element_type=\"widget\" data-widget_type=\"text-editor.default\">\n\t\t\t\t<div class=\"elementor-widget-container\">\n\t\t\t<style>\/*! elementor - v3.10.2 - 29-01-2023 *\/\n.elementor-widget-text-editor.elementor-drop-cap-view-stacked .elementor-drop-cap{background-color:#818a91;color:#fff}.elementor-widget-text-editor.elementor-drop-cap-view-framed .elementor-drop-cap{color:#818a91;border:3px solid;background-color:transparent}.elementor-widget-text-editor:not(.elementor-drop-cap-view-default) .elementor-drop-cap{margin-top:8px}.elementor-widget-text-editor:not(.elementor-drop-cap-view-default) .elementor-drop-cap-letter{width:1em;height:1em}.elementor-widget-text-editor .elementor-drop-cap{float:left;text-align:center;line-height:1;font-size:50px}.elementor-widget-text-editor .elementor-drop-cap-letter{display:inline-block}<\/style>\t\t\t\t<p><strong><span style=\"font-size: 10.5pt; font-family: 'Helvetica','sans-serif';\">Finques Antoni Hereu SLP<\/span><\/strong><span style=\"font-size: 10.5pt; font-family: 'Helvetica','sans-serif';\"> \u00e9s el Responsable del tractament de les dades personals de l\u2019Usuari i l\u2019informa que aquestes dades es tractaran de conformitat amb el que estableix el Reglament (UE) 2016\/679, de 27 d\u2019abril (GDPR), i la Llei Org\u00e0nica 3\/2018, de 5 de desembre (LOPDGDD), per la qual cosa se li facilita la seg\u00fcent informaci\u00f3 del tractament:<\/span><\/p><p><strong><span style=\"font-size: 10.5pt; font-family: 'Helvetica','sans-serif';\">Finalitats i legitimaci\u00f3 del tractament<\/span><\/strong><span style=\"font-size: 10.5pt; font-family: 'Helvetica','sans-serif';\">: mantenir una relaci\u00f3 comercial (per inter\u00e8s leg\u00edtim del responsable, art. 6.1.f GDPR) i enviar comunicacions de productes o serveis (amb el consentiment de l\u2019interessat, art. 6.1.a GDPR).<\/span><\/p><p><strong><span style=\"font-size: 10.5pt; font-family: 'Helvetica','sans-serif';\">Criteris de conservaci\u00f3 de les dades<\/span><\/strong><span style=\"font-size: 10.5pt; font-family: 'Helvetica','sans-serif';\">: es conservaran durant no m\u00e9s temps del necessari per mantenir la finalitat del tractament o mentre hi hagi prescripcions legals que en dictaminin la cust\u00f2dia i quan ja no sigui necessari per a aix\u00f2, se suprimiran amb mesures de seguretat adequades per garantir l\u2019anonimitzaci\u00f3 de les dades o la seva destrucci\u00f3 total.<br \/><br \/><strong><span style=\"font-family: 'Helvetica','sans-serif';\">Comunicaci\u00f3 de les dades<\/span><\/strong>: no es comunicaran les dades a tercers, tret que sigui obligaci\u00f3 legal.<\/span><\/p><p><strong><span style=\"font-size: 10.5pt; font-family: 'Helvetica','sans-serif';\">Drets que t\u00e9 l\u2019Usuari<\/span><\/strong><span style=\"font-size: 10.5pt; font-family: 'Helvetica','sans-serif';\">: <br \/>&#8211; Dret a retirar el consentiment en qualsevol moment. <br \/>Dret d\u2019acc\u00e9s, rectificaci\u00f3, portabilitat i supressi\u00f3 de les seves dades i de limitaci\u00f3 o oposici\u00f3 al seu tractament. <br \/>&#8211; Dret a presentar una reclamaci\u00f3 davant l\u2019Autoritat de control (www.aepd.es) si considera que el tractament no s\u2019ajusta a la normativa vigent.<\/span><\/p><p><strong><span style=\"font-size: 10.5pt; font-family: 'Helvetica','sans-serif';\">Dades de contacte per exercir els seus drets<\/span><\/strong><span style=\"font-size: 10.5pt; font-family: 'Helvetica','sans-serif';\">: <br \/>Finques Antoni Hereu SLP. Santa Eul\u00e0lia, 131 &#8211; 08902 L\u00b4Hospitalet de Llobregat (Barcelona). E-mail: info@finqueshereu.com<\/span><\/p>\t\t\t\t\t\t<\/div>\n\t\t\t\t<\/div>\n\t\t\t\t\t<\/div>\n\t\t<\/div>\n\t\t\t\t\t\t\t<\/div>\n\t\t<\/section>\n\t\t\t\t\t\t\t<\/div>\n\t\t","protected":false},"excerpt":{"rendered":"<p>Finques Antoni Hereu SLP \u00e9s el Responsable del tractament de les dades personals de l\u2019Usuari i l\u2019informa que aquestes dades es tractaran de conformitat amb el que estableix el Reglament (UE) 2016\/679, de 27 d\u2019abril (GDPR), i la Llei Org\u00e0nica 3\/2018, de 5 de desembre (LOPDGDD), per la qual cosa se li facilita la seg\u00fcent&#8230;<\/p>\n","protected":false},"author":1,"featured_media":0,"parent":0,"menu_order":0,"comment_status":"closed","ping_status":"closed","template":"","meta":{"footnotes":""},"class_list":["post-29095","page","type-page","status-publish","hentry"],"acf":[],"yoast_head":"<!-- This site is optimized with the Yoast SEO plugin v20.1 - https:\/\/yoast.com\/wordpress\/plugins\/seo\/ -->\n<title>CONSENTIMENT PER AL TRACTAMENT DE DADES PERSONALS - Finques Hereu<\/title>\n<meta name=\"robots\" content=\"noindex, follow\" \/>\n<meta property=\"og:locale\" content=\"ca_ES\" \/>\n<meta property=\"og:type\" content=\"article\" \/>\n<meta property=\"og:title\" content=\"CONSENTIMENT PER AL TRACTAMENT DE DADES PERSONALS - Finques Hereu\" \/>\n<meta property=\"og:description\" content=\"Finques Antoni Hereu SLP \u00e9s el Responsable del tractament de les dades personals de l\u2019Usuari i l\u2019informa que aquestes dades es tractaran de conformitat amb el que estableix el Reglament (UE) 2016\/679, de 27 d\u2019abril (GDPR), i la Llei Org\u00e0nica 3\/2018, de 5 de desembre (LOPDGDD), per la qual cosa se li facilita la seg\u00fcent...\" \/>\n<meta property=\"og:url\" content=\"https:\/\/www.finqueshereu.com\/ca\/consentiment-tractament-dades-personals\/\" \/>\n<meta property=\"og:site_name\" content=\"Finques Hereu\" \/>\n<meta property=\"article:modified_time\" content=\"2022-12-22T10:43:26+00:00\" \/>\n<meta name=\"twitter:card\" content=\"summary_large_image\" \/>\n<meta name=\"twitter:label1\" content=\"Temps estimat de lectura\" \/>\n\t<meta name=\"twitter:data1\" content=\"2 minuts\" \/>\n<script type=\"application\/ld+json\" class=\"yoast-schema-graph\">{\"@context\":\"https:\/\/schema.org\",\"@graph\":[{\"@type\":\"WebPage\",\"@id\":\"https:\/\/www.finqueshereu.com\/ca\/consentiment-tractament-dades-personals\/\",\"url\":\"https:\/\/www.finqueshereu.com\/ca\/consentiment-tractament-dades-personals\/\",\"name\":\"CONSENTIMENT PER AL TRACTAMENT DE DADES PERSONALS - Finques Hereu\",\"isPartOf\":{\"@id\":\"https:\/\/www.finqueshereu.com\/#website\"},\"datePublished\":\"2022-12-22T10:41:12+00:00\",\"dateModified\":\"2022-12-22T10:43:26+00:00\",\"breadcrumb\":{\"@id\":\"https:\/\/www.finqueshereu.com\/ca\/consentiment-tractament-dades-personals\/#breadcrumb\"},\"inLanguage\":\"ca\",\"potentialAction\":[{\"@type\":\"ReadAction\",\"target\":[\"https:\/\/www.finqueshereu.com\/ca\/consentiment-tractament-dades-personals\/\"]}]},{\"@type\":\"BreadcrumbList\",\"@id\":\"https:\/\/www.finqueshereu.com\/ca\/consentiment-tractament-dades-personals\/#breadcrumb\",\"itemListElement\":[{\"@type\":\"ListItem\",\"position\":1,\"name\":\"Portada\",\"item\":\"https:\/\/www.finqueshereu.com\/\"},{\"@type\":\"ListItem\",\"position\":2,\"name\":\"CONSENTIMENT PER AL TRACTAMENT DE DADES PERSONALS\"}]},{\"@type\":\"WebSite\",\"@id\":\"https:\/\/www.finqueshereu.com\/#website\",\"url\":\"https:\/\/www.finqueshereu.com\/\",\"name\":\"Finques Hereu\",\"description\":\"Servicios Inmobiliarios Integrales en Barcelona\",\"publisher\":{\"@id\":\"https:\/\/www.finqueshereu.com\/#organization\"},\"potentialAction\":[{\"@type\":\"SearchAction\",\"target\":{\"@type\":\"EntryPoint\",\"urlTemplate\":\"https:\/\/www.finqueshereu.com\/?s={search_term_string}\"},\"query-input\":\"required name=search_term_string\"}],\"inLanguage\":\"ca\"},{\"@type\":\"Organization\",\"@id\":\"https:\/\/www.finqueshereu.com\/#organization\",\"name\":\"Finques Hereu\",\"url\":\"https:\/\/www.finqueshereu.com\/\",\"logo\":{\"@type\":\"ImageObject\",\"inLanguage\":\"ca\",\"@id\":\"https:\/\/www.finqueshereu.com\/#\/schema\/logo\/image\/\",\"url\":\"https:\/\/www.finqueshereu.com\/wp-content\/uploads\/2022\/08\/finques-hereu-logotipo.png\",\"contentUrl\":\"https:\/\/www.finqueshereu.com\/wp-content\/uploads\/2022\/08\/finques-hereu-logotipo.png\",\"width\":220,\"height\":68,\"caption\":\"Finques Hereu\"},\"image\":{\"@id\":\"https:\/\/www.finqueshereu.com\/#\/schema\/logo\/image\/\"}}]}<\/script>\n<!-- \/ Yoast SEO plugin. -->","yoast_head_json":{"title":"CONSENTIMENT PER AL TRACTAMENT DE DADES PERSONALS - Finques Hereu","robots":{"index":"noindex","follow":"follow"},"og_locale":"ca_ES","og_type":"article","og_title":"CONSENTIMENT PER AL TRACTAMENT DE DADES PERSONALS - Finques Hereu","og_description":"Finques Antoni Hereu SLP \u00e9s el Responsable del tractament de les dades personals de l\u2019Usuari i l\u2019informa que aquestes dades es tractaran de conformitat amb el que estableix el Reglament (UE) 2016\/679, de 27 d\u2019abril (GDPR), i la Llei Org\u00e0nica 3\/2018, de 5 de desembre (LOPDGDD), per la qual cosa se li facilita la seg\u00fcent...","og_url":"https:\/\/www.finqueshereu.com\/ca\/consentiment-tractament-dades-personals\/","og_site_name":"Finques Hereu","article_modified_time":"2022-12-22T10:43:26+00:00","twitter_card":"summary_large_image","twitter_misc":{"Temps estimat de lectura":"2 minuts"},"schema":{"@context":"https:\/\/schema.org","@graph":[{"@type":"WebPage","@id":"https:\/\/www.finqueshereu.com\/ca\/consentiment-tractament-dades-personals\/","url":"https:\/\/www.finqueshereu.com\/ca\/consentiment-tractament-dades-personals\/","name":"CONSENTIMENT PER AL TRACTAMENT DE DADES PERSONALS - Finques Hereu","isPartOf":{"@id":"https:\/\/www.finqueshereu.com\/#website"},"datePublished":"2022-12-22T10:41:12+00:00","dateModified":"2022-12-22T10:43:26+00:00","breadcrumb":{"@id":"https:\/\/www.finqueshereu.com\/ca\/consentiment-tractament-dades-personals\/#breadcrumb"},"inLanguage":"ca","potentialAction":[{"@type":"ReadAction","target":["https:\/\/www.finqueshereu.com\/ca\/consentiment-tractament-dades-personals\/"]}]},{"@type":"BreadcrumbList","@id":"https:\/\/www.finqueshereu.com\/ca\/consentiment-tractament-dades-personals\/#breadcrumb","itemListElement":[{"@type":"ListItem","position":1,"name":"Portada","item":"https:\/\/www.finqueshereu.com\/"},{"@type":"ListItem","position":2,"name":"CONSENTIMENT PER AL TRACTAMENT DE DADES PERSONALS"}]},{"@type":"WebSite","@id":"https:\/\/www.finqueshereu.com\/#website","url":"https:\/\/www.finqueshereu.com\/","name":"Finques Hereu","description":"Servicios Inmobiliarios Integrales en Barcelona","publisher":{"@id":"https:\/\/www.finqueshereu.com\/#organization"},"potentialAction":[{"@type":"SearchAction","target":{"@type":"EntryPoint","urlTemplate":"https:\/\/www.finqueshereu.com\/?s={search_term_string}"},"query-input":"required name=search_term_string"}],"inLanguage":"ca"},{"@type":"Organization","@id":"https:\/\/www.finqueshereu.com\/#organization","name":"Finques Hereu","url":"https:\/\/www.finqueshereu.com\/","logo":{"@type":"ImageObject","inLanguage":"ca","@id":"https:\/\/www.finqueshereu.com\/#\/schema\/logo\/image\/","url":"https:\/\/www.finqueshereu.com\/wp-content\/uploads\/2022\/08\/finques-hereu-logotipo.png","contentUrl":"https:\/\/www.finqueshereu.com\/wp-content\/uploads\/2022\/08\/finques-hereu-logotipo.png","width":220,"height":68,"caption":"Finques Hereu"},"image":{"@id":"https:\/\/www.finqueshereu.com\/#\/schema\/logo\/image\/"}}]}},"rs_rev_slider":"","custom_sidebar":"default","layout":"full","center-menus":"no","content_top":"100px","content_bottom":"100px","copyright_padding":"0px","select-title":"","select-bread":"","_elementor_edit_mode":"builder","_elementor_template_type":"wp-page","_elementor_version":"3.7.2","_wp_page_template":"default","_elementor_data":"[{\"id\":\"67454b3d\",\"elType\":\"section\",\"settings\":[],\"elements\":[{\"id\":\"564373ff\",\"elType\":\"column\",\"settings\":{\"_column_size\":100},\"elements\":[{\"id\":\"1b02375d\",\"elType\":\"widget\",\"settings\":{\"editor\":\"<p><strong><span style=\\\"font-size: 10.5pt; font-family: 'Helvetica','sans-serif';\\\">Finques Antoni Hereu SLP<\\\/span><\\\/strong><span style=\\\"font-size: 10.5pt; font-family: 'Helvetica','sans-serif';\\\"> \\u00e9s el Responsable del tractament de les dades personals de l\\u2019Usuari i l\\u2019informa que aquestes dades es tractaran de conformitat amb el que estableix el Reglament (UE) 2016\\\/679, de 27 d\\u2019abril (GDPR), i la Llei Org\\u00e0nica 3\\\/2018, de 5 de desembre (LOPDGDD), per la qual cosa se li facilita la seg\\u00fcent informaci\\u00f3 del tractament:<\\\/span><\\\/p><p><strong><span style=\\\"font-size: 10.5pt; font-family: 'Helvetica','sans-serif';\\\">Finalitats i legitimaci\\u00f3 del tractament<\\\/span><\\\/strong><span style=\\\"font-size: 10.5pt; font-family: 'Helvetica','sans-serif';\\\">: mantenir una relaci\\u00f3 comercial (per inter\\u00e8s leg\\u00edtim del responsable, art. 6.1.f GDPR) i enviar comunicacions de productes o serveis (amb el consentiment de l\\u2019interessat, art. 6.1.a GDPR).<\\\/span><\\\/p><p><strong><span style=\\\"font-size: 10.5pt; font-family: 'Helvetica','sans-serif';\\\">Criteris de conservaci\\u00f3 de les dades<\\\/span><\\\/strong><span style=\\\"font-size: 10.5pt; font-family: 'Helvetica','sans-serif';\\\">: es conservaran durant no m\\u00e9s temps del necessari per mantenir la finalitat del tractament o mentre hi hagi prescripcions legals que en dictaminin la cust\\u00f2dia i quan ja no sigui necessari per a aix\\u00f2, se suprimiran amb mesures de seguretat adequades per garantir l\\u2019anonimitzaci\\u00f3 de les dades o la seva destrucci\\u00f3 total.<br \\\/><br \\\/><strong><span style=\\\"font-family: 'Helvetica','sans-serif';\\\">Comunicaci\\u00f3 de les dades<\\\/span><\\\/strong>: no es comunicaran les dades a tercers, tret que sigui obligaci\\u00f3 legal.<\\\/span><\\\/p><p><strong><span style=\\\"font-size: 10.5pt; font-family: 'Helvetica','sans-serif';\\\">Drets que t\\u00e9 l\\u2019Usuari<\\\/span><\\\/strong><span style=\\\"font-size: 10.5pt; font-family: 'Helvetica','sans-serif';\\\">: <br \\\/>- Dret a retirar el consentiment en qualsevol moment. <br \\\/>Dret d\\u2019acc\\u00e9s, rectificaci\\u00f3, portabilitat i supressi\\u00f3 de les seves dades i de limitaci\\u00f3 o oposici\\u00f3 al seu tractament. <br \\\/>- Dret a presentar una reclamaci\\u00f3 davant l\\u2019Autoritat de control (www.aepd.es) si considera que el tractament no s\\u2019ajusta a la normativa vigent.<\\\/span><\\\/p><p><strong><span style=\\\"font-size: 10.5pt; font-family: 'Helvetica','sans-serif';\\\">Dades de contacte per exercir els seus drets<\\\/span><\\\/strong><span style=\\\"font-size: 10.5pt; font-family: 'Helvetica','sans-serif';\\\">: <br \\\/>Finques Antoni Hereu SLP. Santa Eul\\u00e0lia, 131 - 08902 L\\u00b4Hospitalet de Llobregat (Barcelona). E-mail: info@finqueshereu.com<\\\/span><\\\/p>\"},\"elements\":[],\"widgetType\":\"text-editor\"}],\"isInner\":false}],\"isInner\":false}]","_elementor_page_assets":[],"show-quote":"show","topbar_link_hovercolor":"","_elementor_controls_usage":"","_elementor_css":{"time":1761666700,"fonts":[],"icons":[],"dynamic_elements_ids":[],"status":"empty","0":"","css":""},"_edit_lock":"1671705796:1","_wpml_word_count":"{\"total\":590,\"to_translate\":{\"ca\":590}}","banner_image_id":"","banner_image":"","content_banner":"","intro_content_banner":"","banner_hide":"","_wpml_media_featured":"1","_wpml_media_duplicate":"1","footer__top__padding":"","_wxr_import_has_attachment_refs":"","_wpml_media_has_media":"","_edit_last":"1","_aioseo_title":"","_aioseo_description":"","_aioseo_keywords":"","_aioseo_og_title":"","_aioseo_og_description":"","_aioseo_og_article_section":"","_aioseo_og_article_tags":"","_aioseo_twitter_title":"","_aioseo_twitter_description":"","header_logo_img_id":"","header_logo_img":"https:\/\/finqueshereu.com\/wp-content\/uploads\/2022\/08\/finques-hereu-logotipo.png","header_sticky_logo_img_id":"","header_sticky_logo_img":"https:\/\/finqueshereu.com\/wp-content\/uploads\/2022\/08\/finques-hereu-logotipo.png","header_select":"header1","select-logo":"dark","topbar-area-bg":"","menu-text-hover-color":"#c35219","menu_sticky_txt_hovercolor":"#c35219","menu_text_dropdowncolor":"#101010","menu_text_hover_dropdowncolor":"","select-top":"","show-off-canvas":"hide","quote_button_bg_color":"#c35219","quote_button_color":"","quote_button_bg_hover_color":"#c35219","quote_button_hover_color":"","primary-colors":"#c35219","footer_bg":"#c35219","footer_logo_img_id":"","footer_logo_img":"https:\/\/finqueshereu.com\/wp-content\/uploads\/2022\/08\/finques-hereu-logo2.png","footer_top_border_color":"#c35219","footer_socials_bg_colors":"#c35219","copyright_trans":"yes","copyright_bg":"#c35219","quote_btn_text":"\u00c0rea de clients","page_bg_id":"","page_bg":"","menu-type-bg":"","menu-text-color":"","menu_sticky_txtcolor":"","menu-type":"","footer_bg_img_id":"","footer_bg_img":"","_cdp_origin":"","_cdp_origin_site":"","_cdp_origin_title":"","_cdp_counter":"","show-cart-icon":"","_dp_original":"","menu_sticky_bgcolor":"","main_menu_top":"","main_menu_bottom":"","sticky_main_menu_top":"","sticky_main_menu_bottom":"","search_icon_color":"","head_hamburger_color":"","head_hamburger_colors2":"","sticky_hamburgers_color":"","sticky_hamburgers_secondary_color":"","_wpml_location_migration_done":"","rs_page_bg_color":"","_links":{"self":[{"href":"https:\/\/www.finqueshereu.com\/ca\/wp-json\/wp\/v2\/pages\/29095","targetHints":{"allow":["GET"]}}],"collection":[{"href":"https:\/\/www.finqueshereu.com\/ca\/wp-json\/wp\/v2\/pages"}],"about":[{"href":"https:\/\/www.finqueshereu.com\/ca\/wp-json\/wp\/v2\/types\/page"}],"author":[{"embeddable":true,"href":"https:\/\/www.finqueshereu.com\/ca\/wp-json\/wp\/v2\/users\/1"}],"replies":[{"embeddable":true,"href":"https:\/\/www.finqueshereu.com\/ca\/wp-json\/wp\/v2\/comments?post=29095"}],"version-history":[{"count":5,"href":"https:\/\/www.finqueshereu.com\/ca\/wp-json\/wp\/v2\/pages\/29095\/revisions"}],"predecessor-version":[{"id":29100,"href":"https:\/\/www.finqueshereu.com\/ca\/wp-json\/wp\/v2\/pages\/29095\/revisions\/29100"}],"wp:attachment":[{"href":"https:\/\/www.finqueshereu.com\/ca\/wp-json\/wp\/v2\/media?parent=29095"}],"curies":[{"name":"wp","href":"https:\/\/api.w.org\/{rel}","templated":true}]}}