{"id":29080,"date":"2022-12-22T12:36:43","date_gmt":"2022-12-22T10:36:43","guid":{"rendered":"https:\/\/www.finqueshereu.com\/politica-de-privacitat\/"},"modified":"2022-12-22T12:40:22","modified_gmt":"2022-12-22T10:40:22","slug":"politica-de-privacitat","status":"publish","type":"page","link":"https:\/\/www.finqueshereu.com\/ca\/politica-de-privacitat\/","title":{"rendered":"POL\u00cdTICA DE PRIVACITAT"},"content":{"rendered":"\t\t<div data-elementor-type=\"wp-page\" data-elementor-id=\"29080\" class=\"elementor elementor-29080 elementor-29075\">\n\t\t\t\t\t\t\t\t\t<section class=\"elementor-section elementor-top-section elementor-element elementor-element-67454b3d elementor-section-boxed elementor-section-height-default elementor-section-height-default\" data-id=\"67454b3d\" data-element_type=\"section\">\n\t\t\t\t\t\t<div class=\"elementor-container elementor-column-gap-default\">\n\t\t\t\t\t<div class=\"elementor-column elementor-col-100 elementor-top-column elementor-element elementor-element-564373ff\" data-id=\"564373ff\" data-element_type=\"column\">\n\t\t\t<div class=\"elementor-widget-wrap elementor-element-populated\">\n\t\t\t\t\t\t\t\t<div class=\"elementor-element elementor-element-1b02375d elementor-widget elementor-widget-text-editor\" data-id=\"1b02375d\" data-element_type=\"widget\" data-widget_type=\"text-editor.default\">\n\t\t\t\t<div class=\"elementor-widget-container\">\n\t\t\t<style>\/*! elementor - v3.10.2 - 29-01-2023 *\/\n.elementor-widget-text-editor.elementor-drop-cap-view-stacked .elementor-drop-cap{background-color:#818a91;color:#fff}.elementor-widget-text-editor.elementor-drop-cap-view-framed .elementor-drop-cap{color:#818a91;border:3px solid;background-color:transparent}.elementor-widget-text-editor:not(.elementor-drop-cap-view-default) .elementor-drop-cap{margin-top:8px}.elementor-widget-text-editor:not(.elementor-drop-cap-view-default) .elementor-drop-cap-letter{width:1em;height:1em}.elementor-widget-text-editor .elementor-drop-cap{float:left;text-align:center;line-height:1;font-size:50px}.elementor-widget-text-editor .elementor-drop-cap-letter{display:inline-block}<\/style>\t\t\t\t<ol><li><strong> INFORMACI\u00d3 PER A L\u2019USUARI<\/strong><br \/><br \/><br \/><strong>Qui \u00e9s el responsable del tractament de les teves dades personals?<\/strong><\/li><\/ol><p><strong>Finques Antoni Hereu SLP<\/strong> \u00e9s el RESPONSABLE del tractament de les dades personals de l\u2019USUARI i l\u2019informa que aquestes dades es tractaran de conformitat amb el que disposa el Reglament (UE) 2016\/679, de 27 d\u2019abril (GDPR), i la Llei Org\u00e0nica 3\/2018, de 5 de desembre (LOPDGDD).<br \/><br \/><br \/><strong>Perqu\u00e8 tractem les teves dades personals?<\/strong><\/p><p>Per mantenir una relaci\u00f3 comercial amb l\u2019usuari. Les operacions previstes per fer el tractament s\u00f3n:<\/p><ul><li>Remesa de comunicacions comercials publicit\u00e0ries per e-mail, fax, SMS, MMS, xarxes socials o qualsevol altre mitj\u00e0 electr\u00f2nic o f\u00edsic, present o futur, que permeti efectuar comunicacions comercials. Aquestes comunicacions s\u2019han de fer per mitj\u00e0 del RESPONSABLE i estan relacionades amb els seus productes i serveis, o amb els seus col\u00b7laboradors o prove\u00efdors, amb els quals hagi arribat a algun acord de promoci\u00f3. En aquest cas, els tercers no tindran mai acc\u00e9s a les dades personals.<\/li><li>Efectuar estudis de mercat i an\u00e0lisis estad\u00edstiques.<\/li><li>Tramitar enc\u00e0rrecs de peticions, donar resposta a les consultes o qualsevol tipus de petici\u00f3 que faci l\u2019USUARI a trav\u00e9s de qualsevol de les formes de contacte que es posen a la seva disposici\u00f3 a la p\u00e0gina web del RESPONSABLE.<\/li><li>Enviar el butllet\u00ed informatiu online, sobre novetats, ofertes i promocions en la nostra activitat<strong>.<\/strong><\/li><\/ul><p><br \/><br \/><strong>Per quin motiu podem tractar les teves dades personals?<\/strong><br \/><br \/>Perqu\u00e8 el tractament est\u00e0 legitimat per l\u2019article 6 del GDPR de la seg\u00fcent manera:<\/p><ul><li>Amb el consentiment de l\u2019USUARI: enviament de comunicacions comercials i del butllet\u00ed informatiu.<\/li><li>Per inter\u00e8s leg\u00edtim del RESPONSABLE: efectuar estudis de mercat, an\u00e0lisis estad\u00edstiques, etc. i tramitar enc\u00e0rrecs, sol\u00b7licituds, etc. a petici\u00f3 de l\u2019USUARI.<\/li><\/ul><p>\u00a0<\/p><p><strong>Durant quant de temps guardarem les teves dades personals?<\/strong><\/p><p>Es conservaran durant no m\u00e9s temps del necessari per mantenir la finalitat del tractament o mentre hi hagi prescripcions legals que en dictaminin la cust\u00f2dia i quan ja no sigui necessari per a aix\u00f2, se suprimiran amb mesures de seguretat adequades per garantir l\u2019anonimitzaci\u00f3 de les dades o la seva destrucci\u00f3 total.<\/p><p><strong><br \/><br \/>A qui facilitem les teves dades personals?<\/strong><br \/><br \/>No est\u00e0 prevista cap comunicaci\u00f3 de dades personals a tercers excepte, si fos necessari per al desenvolupament i execuci\u00f3 de les finalitats del tractament, als nostres prove\u00efdors de serveis relacionats amb comunicacions, amb els quals el RESPONSABLE ha formalitzat els contractes de confidencialitat i d\u2019encarregat de tractament exigits per la normativa vigent de privacitat.<br \/><br \/><br \/><strong>Quins s\u00f3n els teus drets?<\/strong><\/p><p>Els drets que t\u00e9 l\u2019USUARI s\u00f3n:<\/p><ul><li>Dret a retirar el consentiment en qualsevol moment.<\/li><li>Dret d\u2019acc\u00e9s, rectificaci\u00f3, portabilitat i supressi\u00f3 de les seves dades i de limitaci\u00f3 o oposici\u00f3 al seu tractament.<\/li><li>Dret a presentar una reclamaci\u00f3 davant l\u2019autoritat de control (www.aepd.es) si considera que el tractament no s\u2019ajusta a la normativa vigent.<\/li><\/ul><p><strong>Dades de contacte per exercir els seus drets<\/strong>:<\/p><p>Finques Antoni Hereu SLP. Santa Eul\u00e0lia, 131 &#8211; 08902 L\u00b4Hospitalet de Llobregat (Barcelona). E-mail: info@finqueshereu.com<\/p><ol start=\"2\"><li><strong>CAR\u00c0CTER OBLIGATORI O FACULTATIU DE LA INFORMACI\u00d3 FACILITADA PER L\u2019USUARI<\/strong><\/li><\/ol><p>Els USUARIS, per mitj\u00e0 de les caselles corresponents i la introducci\u00f3 de dades en els camps, marcats amb l\u2019asterisc (*) en el formulari de contacte o presentats en formularis de desc\u00e0rrega, accepten expressament i de manera lliure i inequ\u00edvoca, que les seves dades s\u00f3n necess\u00e0ries per a l\u2019atenci\u00f3 de la seva petici\u00f3, per part del prestador, i que per tant la inclusi\u00f3 de les dades en els camps restants \u00e9s volunt\u00e0ria. L\u2019USUARI garanteix que les dades personals facilitades al RESPONSABLE s\u00f3n ver\u00eddiques i es fa responsable de comunicar-ne qualsevol modificaci\u00f3.<\/p><p>El RESPONSABLE informa que totes les dades sol\u00b7licitades a trav\u00e9s del lloc web s\u00f3n obligat\u00f2ries, ja que s\u00f3n necess\u00e0ries per a la prestaci\u00f3 d\u2019un servei \u00f2ptim a l\u2019USUARI. En cas que no es facilitin totes les dades, no es garanteix que la informaci\u00f3 i serveis facilitats s\u2019ajustin completament a les seves necessitats.<\/p><ol start=\"3\"><li><strong>MESURES DE SEGURETAT<\/strong><\/li><\/ol><p><br \/>Que, de conformitat amb el que estableixen les normatives vigents en protecci\u00f3 de dades personals, el RESPONSABLE est\u00e0 complint amb totes les disposicions de les normatives GDPR i LOPDGDD per al tractament de les dades personals de la seva responsabilitat, i manifestament amb els principis descrits a l\u2019article 5 del GDPR, pels quals es tracten de manera l\u00edcita, lleial i transparent en relaci\u00f3 amb l\u2019interessat i adequades, pertinents i limitades al que \u00e9s necessari en relaci\u00f3 amb les finalitats per a les quals es tracten.<\/p><p>El RESPONSABLE garanteix que ha implementat pol\u00edtiques t\u00e8cniques i organitzatives apropiades per aplicar les mesures de seguretat que estableixen el GDPR i la LOPDGDD per tal de protegir els drets i llibertats dels USUARIS i els ha comunicat la informaci\u00f3 adequada perqu\u00e8 puguin exercir-los.<br \/><br \/>Per a m\u00e9s informaci\u00f3 sobre les garanties de privacitat, pots dirigir-te al RESPONSABLE a trav\u00e9s de Finques Antoni Hereu SLP. Santa Eul\u00e0lia, 131 &#8211; 08902 L\u00b4Hospitalet de Llobregat (Barcelona). E-mail: info@finqueshereu.com<\/p>\t\t\t\t\t\t<\/div>\n\t\t\t\t<\/div>\n\t\t\t\t\t<\/div>\n\t\t<\/div>\n\t\t\t\t\t\t\t<\/div>\n\t\t<\/section>\n\t\t\t\t\t\t\t<\/div>\n\t\t","protected":false},"excerpt":{"rendered":"<p>INFORMACI\u00d3 PER A L\u2019USUARI Qui \u00e9s el responsable del tractament de les teves dades personals? Finques Antoni Hereu SLP \u00e9s el RESPONSABLE del tractament de les dades personals de l\u2019USUARI i l\u2019informa que aquestes dades es tractaran de conformitat amb el que disposa el Reglament (UE) 2016\/679, de 27 d\u2019abril (GDPR), i la Llei Org\u00e0nica&#8230;<\/p>\n","protected":false},"author":1,"featured_media":0,"parent":0,"menu_order":0,"comment_status":"closed","ping_status":"closed","template":"","meta":{"footnotes":""},"class_list":["post-29080","page","type-page","status-publish","hentry"],"acf":[],"yoast_head":"<!-- This site is optimized with the Yoast SEO plugin v20.1 - https:\/\/yoast.com\/wordpress\/plugins\/seo\/ -->\n<title>POL\u00cdTICA DE PRIVACITAT - Finques Hereu<\/title>\n<meta name=\"robots\" content=\"noindex, follow\" \/>\n<meta property=\"og:locale\" content=\"ca_ES\" \/>\n<meta property=\"og:type\" content=\"article\" \/>\n<meta property=\"og:title\" content=\"POL\u00cdTICA DE PRIVACITAT - Finques Hereu\" \/>\n<meta property=\"og:description\" content=\"INFORMACI\u00d3 PER A L\u2019USUARI Qui \u00e9s el responsable del tractament de les teves dades personals? Finques Antoni Hereu SLP \u00e9s el RESPONSABLE del tractament de les dades personals de l\u2019USUARI i l\u2019informa que aquestes dades es tractaran de conformitat amb el que disposa el Reglament (UE) 2016\/679, de 27 d\u2019abril (GDPR), i la Llei Org\u00e0nica...\" \/>\n<meta property=\"og:url\" content=\"https:\/\/www.finqueshereu.com\/ca\/politica-de-privacitat\/\" \/>\n<meta property=\"og:site_name\" content=\"Finques Hereu\" \/>\n<meta property=\"article:modified_time\" content=\"2022-12-22T10:40:22+00:00\" \/>\n<meta name=\"twitter:card\" content=\"summary_large_image\" \/>\n<meta name=\"twitter:label1\" content=\"Temps estimat de lectura\" \/>\n\t<meta name=\"twitter:data1\" content=\"5 minuts\" \/>\n<script type=\"application\/ld+json\" class=\"yoast-schema-graph\">{\"@context\":\"https:\/\/schema.org\",\"@graph\":[{\"@type\":\"WebPage\",\"@id\":\"https:\/\/www.finqueshereu.com\/ca\/politica-de-privacitat\/\",\"url\":\"https:\/\/www.finqueshereu.com\/ca\/politica-de-privacitat\/\",\"name\":\"POL\u00cdTICA DE PRIVACITAT - Finques Hereu\",\"isPartOf\":{\"@id\":\"https:\/\/www.finqueshereu.com\/#website\"},\"datePublished\":\"2022-12-22T10:36:43+00:00\",\"dateModified\":\"2022-12-22T10:40:22+00:00\",\"breadcrumb\":{\"@id\":\"https:\/\/www.finqueshereu.com\/ca\/politica-de-privacitat\/#breadcrumb\"},\"inLanguage\":\"ca\",\"potentialAction\":[{\"@type\":\"ReadAction\",\"target\":[\"https:\/\/www.finqueshereu.com\/ca\/politica-de-privacitat\/\"]}]},{\"@type\":\"BreadcrumbList\",\"@id\":\"https:\/\/www.finqueshereu.com\/ca\/politica-de-privacitat\/#breadcrumb\",\"itemListElement\":[{\"@type\":\"ListItem\",\"position\":1,\"name\":\"Portada\",\"item\":\"https:\/\/www.finqueshereu.com\/\"},{\"@type\":\"ListItem\",\"position\":2,\"name\":\"POL\u00cdTICA DE PRIVACITAT\"}]},{\"@type\":\"WebSite\",\"@id\":\"https:\/\/www.finqueshereu.com\/#website\",\"url\":\"https:\/\/www.finqueshereu.com\/\",\"name\":\"Finques Hereu\",\"description\":\"Servicios Inmobiliarios Integrales en Barcelona\",\"publisher\":{\"@id\":\"https:\/\/www.finqueshereu.com\/#organization\"},\"potentialAction\":[{\"@type\":\"SearchAction\",\"target\":{\"@type\":\"EntryPoint\",\"urlTemplate\":\"https:\/\/www.finqueshereu.com\/?s={search_term_string}\"},\"query-input\":\"required name=search_term_string\"}],\"inLanguage\":\"ca\"},{\"@type\":\"Organization\",\"@id\":\"https:\/\/www.finqueshereu.com\/#organization\",\"name\":\"Finques Hereu\",\"url\":\"https:\/\/www.finqueshereu.com\/\",\"logo\":{\"@type\":\"ImageObject\",\"inLanguage\":\"ca\",\"@id\":\"https:\/\/www.finqueshereu.com\/#\/schema\/logo\/image\/\",\"url\":\"https:\/\/www.finqueshereu.com\/wp-content\/uploads\/2022\/08\/finques-hereu-logotipo.png\",\"contentUrl\":\"https:\/\/www.finqueshereu.com\/wp-content\/uploads\/2022\/08\/finques-hereu-logotipo.png\",\"width\":220,\"height\":68,\"caption\":\"Finques Hereu\"},\"image\":{\"@id\":\"https:\/\/www.finqueshereu.com\/#\/schema\/logo\/image\/\"}}]}<\/script>\n<!-- \/ Yoast SEO plugin. -->","yoast_head_json":{"title":"POL\u00cdTICA DE PRIVACITAT - Finques Hereu","robots":{"index":"noindex","follow":"follow"},"og_locale":"ca_ES","og_type":"article","og_title":"POL\u00cdTICA DE PRIVACITAT - Finques Hereu","og_description":"INFORMACI\u00d3 PER A L\u2019USUARI Qui \u00e9s el responsable del tractament de les teves dades personals? Finques Antoni Hereu SLP \u00e9s el RESPONSABLE del tractament de les dades personals de l\u2019USUARI i l\u2019informa que aquestes dades es tractaran de conformitat amb el que disposa el Reglament (UE) 2016\/679, de 27 d\u2019abril (GDPR), i la Llei Org\u00e0nica...","og_url":"https:\/\/www.finqueshereu.com\/ca\/politica-de-privacitat\/","og_site_name":"Finques Hereu","article_modified_time":"2022-12-22T10:40:22+00:00","twitter_card":"summary_large_image","twitter_misc":{"Temps estimat de lectura":"5 minuts"},"schema":{"@context":"https:\/\/schema.org","@graph":[{"@type":"WebPage","@id":"https:\/\/www.finqueshereu.com\/ca\/politica-de-privacitat\/","url":"https:\/\/www.finqueshereu.com\/ca\/politica-de-privacitat\/","name":"POL\u00cdTICA DE PRIVACITAT - Finques Hereu","isPartOf":{"@id":"https:\/\/www.finqueshereu.com\/#website"},"datePublished":"2022-12-22T10:36:43+00:00","dateModified":"2022-12-22T10:40:22+00:00","breadcrumb":{"@id":"https:\/\/www.finqueshereu.com\/ca\/politica-de-privacitat\/#breadcrumb"},"inLanguage":"ca","potentialAction":[{"@type":"ReadAction","target":["https:\/\/www.finqueshereu.com\/ca\/politica-de-privacitat\/"]}]},{"@type":"BreadcrumbList","@id":"https:\/\/www.finqueshereu.com\/ca\/politica-de-privacitat\/#breadcrumb","itemListElement":[{"@type":"ListItem","position":1,"name":"Portada","item":"https:\/\/www.finqueshereu.com\/"},{"@type":"ListItem","position":2,"name":"POL\u00cdTICA DE PRIVACITAT"}]},{"@type":"WebSite","@id":"https:\/\/www.finqueshereu.com\/#website","url":"https:\/\/www.finqueshereu.com\/","name":"Finques Hereu","description":"Servicios Inmobiliarios Integrales en Barcelona","publisher":{"@id":"https:\/\/www.finqueshereu.com\/#organization"},"potentialAction":[{"@type":"SearchAction","target":{"@type":"EntryPoint","urlTemplate":"https:\/\/www.finqueshereu.com\/?s={search_term_string}"},"query-input":"required name=search_term_string"}],"inLanguage":"ca"},{"@type":"Organization","@id":"https:\/\/www.finqueshereu.com\/#organization","name":"Finques Hereu","url":"https:\/\/www.finqueshereu.com\/","logo":{"@type":"ImageObject","inLanguage":"ca","@id":"https:\/\/www.finqueshereu.com\/#\/schema\/logo\/image\/","url":"https:\/\/www.finqueshereu.com\/wp-content\/uploads\/2022\/08\/finques-hereu-logotipo.png","contentUrl":"https:\/\/www.finqueshereu.com\/wp-content\/uploads\/2022\/08\/finques-hereu-logotipo.png","width":220,"height":68,"caption":"Finques Hereu"},"image":{"@id":"https:\/\/www.finqueshereu.com\/#\/schema\/logo\/image\/"}}]}},"rs_rev_slider":"","custom_sidebar":"default","layout":"full","center-menus":"no","content_top":"100px","content_bottom":"100px","copyright_padding":"0px","select-title":"","select-bread":"","_elementor_edit_mode":"builder","_elementor_template_type":"wp-page","_elementor_version":"3.7.2","_wp_page_template":"default","_elementor_data":"[{\"id\":\"67454b3d\",\"elType\":\"section\",\"settings\":[],\"elements\":[{\"id\":\"564373ff\",\"elType\":\"column\",\"settings\":{\"_column_size\":100},\"elements\":[{\"id\":\"1b02375d\",\"elType\":\"widget\",\"settings\":{\"editor\":\"<ol><li><strong> INFORMACI\\u00d3 PER A L\\u2019USUARI<\\\/strong><br \\\/><br \\\/><br \\\/><strong>Qui \\u00e9s el responsable del tractament de les teves dades personals?<\\\/strong><\\\/li><\\\/ol><p><strong>Finques Antoni Hereu SLP<\\\/strong> \\u00e9s el RESPONSABLE del tractament de les dades personals de l\\u2019USUARI i l\\u2019informa que aquestes dades es tractaran de conformitat amb el que disposa el Reglament (UE) 2016\\\/679, de 27 d\\u2019abril (GDPR), i la Llei Org\\u00e0nica 3\\\/2018, de 5 de desembre (LOPDGDD).<br \\\/><br \\\/><br \\\/><strong>Perqu\\u00e8 tractem les teves dades personals?<\\\/strong><\\\/p><p>Per mantenir una relaci\\u00f3 comercial amb l\\u2019usuari. Les operacions previstes per fer el tractament s\\u00f3n:<\\\/p><ul><li>Remesa de comunicacions comercials publicit\\u00e0ries per e-mail, fax, SMS, MMS, xarxes socials o qualsevol altre mitj\\u00e0 electr\\u00f2nic o f\\u00edsic, present o futur, que permeti efectuar comunicacions comercials. Aquestes comunicacions s\\u2019han de fer per mitj\\u00e0 del RESPONSABLE i estan relacionades amb els seus productes i serveis, o amb els seus col\\u00b7laboradors o prove\\u00efdors, amb els quals hagi arribat a algun acord de promoci\\u00f3. En aquest cas, els tercers no tindran mai acc\\u00e9s a les dades personals.<\\\/li><li>Efectuar estudis de mercat i an\\u00e0lisis estad\\u00edstiques.<\\\/li><li>Tramitar enc\\u00e0rrecs de peticions, donar resposta a les consultes o qualsevol tipus de petici\\u00f3 que faci l\\u2019USUARI a trav\\u00e9s de qualsevol de les formes de contacte que es posen a la seva disposici\\u00f3 a la p\\u00e0gina web del RESPONSABLE.<\\\/li><li>Enviar el butllet\\u00ed informatiu online, sobre novetats, ofertes i promocions en la nostra activitat<strong>.<\\\/strong><\\\/li><\\\/ul><p><br \\\/><br \\\/><strong>Per quin motiu podem tractar les teves dades personals?<\\\/strong><br \\\/><br \\\/>Perqu\\u00e8 el tractament est\\u00e0 legitimat per l\\u2019article 6 del GDPR de la seg\\u00fcent manera:<\\\/p><ul><li>Amb el consentiment de l\\u2019USUARI: enviament de comunicacions comercials i del butllet\\u00ed informatiu.<\\\/li><li>Per inter\\u00e8s leg\\u00edtim del RESPONSABLE: efectuar estudis de mercat, an\\u00e0lisis estad\\u00edstiques, etc. i tramitar enc\\u00e0rrecs, sol\\u00b7licituds, etc. a petici\\u00f3 de l\\u2019USUARI.<\\\/li><\\\/ul><p>\\u00a0<\\\/p><p><strong>Durant quant de temps guardarem les teves dades personals?<\\\/strong><\\\/p><p>Es conservaran durant no m\\u00e9s temps del necessari per mantenir la finalitat del tractament o mentre hi hagi prescripcions legals que en dictaminin la cust\\u00f2dia i quan ja no sigui necessari per a aix\\u00f2, se suprimiran amb mesures de seguretat adequades per garantir l\\u2019anonimitzaci\\u00f3 de les dades o la seva destrucci\\u00f3 total.<\\\/p><p><strong><br \\\/><br \\\/>A qui facilitem les teves dades personals?<\\\/strong><br \\\/><br \\\/>No est\\u00e0 prevista cap comunicaci\\u00f3 de dades personals a tercers excepte, si fos necessari per al desenvolupament i execuci\\u00f3 de les finalitats del tractament, als nostres prove\\u00efdors de serveis relacionats amb comunicacions, amb els quals el RESPONSABLE ha formalitzat els contractes de confidencialitat i d\\u2019encarregat de tractament exigits per la normativa vigent de privacitat.<br \\\/><br \\\/><br \\\/><strong>Quins s\\u00f3n els teus drets?<\\\/strong><\\\/p><p>Els drets que t\\u00e9 l\\u2019USUARI s\\u00f3n:<\\\/p><ul><li>Dret a retirar el consentiment en qualsevol moment.<\\\/li><li>Dret d\\u2019acc\\u00e9s, rectificaci\\u00f3, portabilitat i supressi\\u00f3 de les seves dades i de limitaci\\u00f3 o oposici\\u00f3 al seu tractament.<\\\/li><li>Dret a presentar una reclamaci\\u00f3 davant l\\u2019autoritat de control (www.aepd.es) si considera que el tractament no s\\u2019ajusta a la normativa vigent.<\\\/li><\\\/ul><p><strong>Dades de contacte per exercir els seus drets<\\\/strong>:<\\\/p><p>Finques Antoni Hereu SLP. Santa Eul\\u00e0lia, 131 - 08902 L\\u00b4Hospitalet de Llobregat (Barcelona). E-mail: info@finqueshereu.com<\\\/p><ol start=\\\"2\\\"><li><strong>CAR\\u00c0CTER OBLIGATORI O FACULTATIU DE LA INFORMACI\\u00d3 FACILITADA PER L\\u2019USUARI<\\\/strong><\\\/li><\\\/ol><p>Els USUARIS, per mitj\\u00e0 de les caselles corresponents i la introducci\\u00f3 de dades en els camps, marcats amb l\\u2019asterisc (*) en el formulari de contacte o presentats en formularis de desc\\u00e0rrega, accepten expressament i de manera lliure i inequ\\u00edvoca, que les seves dades s\\u00f3n necess\\u00e0ries per a l\\u2019atenci\\u00f3 de la seva petici\\u00f3, per part del prestador, i que per tant la inclusi\\u00f3 de les dades en els camps restants \\u00e9s volunt\\u00e0ria. L\\u2019USUARI garanteix que les dades personals facilitades al RESPONSABLE s\\u00f3n ver\\u00eddiques i es fa responsable de comunicar-ne qualsevol modificaci\\u00f3.<\\\/p><p>El RESPONSABLE informa que totes les dades sol\\u00b7licitades a trav\\u00e9s del lloc web s\\u00f3n obligat\\u00f2ries, ja que s\\u00f3n necess\\u00e0ries per a la prestaci\\u00f3 d\\u2019un servei \\u00f2ptim a l\\u2019USUARI. En cas que no es facilitin totes les dades, no es garanteix que la informaci\\u00f3 i serveis facilitats s\\u2019ajustin completament a les seves necessitats.<\\\/p><ol start=\\\"3\\\"><li><strong>MESURES DE SEGURETAT<\\\/strong><\\\/li><\\\/ol><p><br \\\/>Que, de conformitat amb el que estableixen les normatives vigents en protecci\\u00f3 de dades personals, el RESPONSABLE est\\u00e0 complint amb totes les disposicions de les normatives GDPR i LOPDGDD per al tractament de les dades personals de la seva responsabilitat, i manifestament amb els principis descrits a l\\u2019article 5 del GDPR, pels quals es tracten de manera l\\u00edcita, lleial i transparent en relaci\\u00f3 amb l\\u2019interessat i adequades, pertinents i limitades al que \\u00e9s necessari en relaci\\u00f3 amb les finalitats per a les quals es tracten.<\\\/p><p>El RESPONSABLE garanteix que ha implementat pol\\u00edtiques t\\u00e8cniques i organitzatives apropiades per aplicar les mesures de seguretat que estableixen el GDPR i la LOPDGDD per tal de protegir els drets i llibertats dels USUARIS i els ha comunicat la informaci\\u00f3 adequada perqu\\u00e8 puguin exercir-los.<br \\\/><br \\\/>Per a m\\u00e9s informaci\\u00f3 sobre les garanties de privacitat, pots dirigir-te al RESPONSABLE a trav\\u00e9s de Finques Antoni Hereu SLP. Santa Eul\\u00e0lia, 131 - 08902 L\\u00b4Hospitalet de Llobregat (Barcelona). E-mail: info@finqueshereu.com<\\\/p>\"},\"elements\":[],\"widgetType\":\"text-editor\"}],\"isInner\":false}],\"isInner\":false}]","_elementor_page_assets":[],"show-quote":"show","topbar_link_hovercolor":"","_elementor_controls_usage":"","_elementor_css":{"time":1761738228,"fonts":[],"icons":[],"dynamic_elements_ids":[],"status":"empty","0":"","css":""},"_edit_lock":"1671705634:1","_wpml_word_count":"{\"total\":1668,\"to_translate\":{\"ca\":1668}}","banner_image_id":"","banner_image":"","content_banner":"","intro_content_banner":"","banner_hide":"","_wpml_media_featured":"1","_wpml_media_duplicate":"1","footer__top__padding":"","_wxr_import_has_attachment_refs":"","_wpml_media_has_media":"","_edit_last":"1","_aioseo_title":"","_aioseo_description":"","_aioseo_keywords":"","_aioseo_og_title":"","_aioseo_og_description":"","_aioseo_og_article_section":"","_aioseo_og_article_tags":"","_aioseo_twitter_title":"","_aioseo_twitter_description":"","header_logo_img_id":"","header_logo_img":"https:\/\/finqueshereu.com\/wp-content\/uploads\/2022\/08\/finques-hereu-logotipo.png","header_sticky_logo_img_id":"","header_sticky_logo_img":"https:\/\/finqueshereu.com\/wp-content\/uploads\/2022\/08\/finques-hereu-logotipo.png","header_select":"header1","select-logo":"dark","topbar-area-bg":"","menu-text-hover-color":"#c35219","menu_sticky_txt_hovercolor":"#c35219","menu_text_dropdowncolor":"#101010","menu_text_hover_dropdowncolor":"","select-top":"","show-off-canvas":"hide","quote_button_bg_color":"#c35219","quote_button_color":"","quote_button_bg_hover_color":"#c35219","quote_button_hover_color":"","primary-colors":"#c35219","footer_bg":"#c35219","footer_logo_img_id":"","footer_logo_img":"https:\/\/finqueshereu.com\/wp-content\/uploads\/2022\/08\/finques-hereu-logo2.png","footer_top_border_color":"#c35219","footer_socials_bg_colors":"#c35219","copyright_trans":"yes","copyright_bg":"#c35219","quote_btn_text":"\u00c0rea de clients","page_bg_id":"","page_bg":"","menu-type-bg":"","menu-text-color":"","menu_sticky_txtcolor":"","menu-type":"","footer_bg_img_id":"","footer_bg_img":"","_cdp_origin":"","_cdp_origin_site":"","_cdp_origin_title":"","_cdp_counter":"","show-cart-icon":"","_dp_original":"","menu_sticky_bgcolor":"","main_menu_top":"","main_menu_bottom":"","sticky_main_menu_top":"","sticky_main_menu_bottom":"","search_icon_color":"","head_hamburger_color":"","head_hamburger_colors2":"","sticky_hamburgers_color":"","sticky_hamburgers_secondary_color":"","_wpml_location_migration_done":"","rs_page_bg_color":"","_links":{"self":[{"href":"https:\/\/www.finqueshereu.com\/ca\/wp-json\/wp\/v2\/pages\/29080","targetHints":{"allow":["GET"]}}],"collection":[{"href":"https:\/\/www.finqueshereu.com\/ca\/wp-json\/wp\/v2\/pages"}],"about":[{"href":"https:\/\/www.finqueshereu.com\/ca\/wp-json\/wp\/v2\/types\/page"}],"author":[{"embeddable":true,"href":"https:\/\/www.finqueshereu.com\/ca\/wp-json\/wp\/v2\/users\/1"}],"replies":[{"embeddable":true,"href":"https:\/\/www.finqueshereu.com\/ca\/wp-json\/wp\/v2\/comments?post=29080"}],"version-history":[{"count":9,"href":"https:\/\/www.finqueshereu.com\/ca\/wp-json\/wp\/v2\/pages\/29080\/revisions"}],"predecessor-version":[{"id":29089,"href":"https:\/\/www.finqueshereu.com\/ca\/wp-json\/wp\/v2\/pages\/29080\/revisions\/29089"}],"wp:attachment":[{"href":"https:\/\/www.finqueshereu.com\/ca\/wp-json\/wp\/v2\/media?parent=29080"}],"curies":[{"name":"wp","href":"https:\/\/api.w.org\/{rel}","templated":true}]}}